{"id":28386,"date":"2024-02-07T22:26:11","date_gmt":"2024-02-07T22:26:11","guid":{"rendered":"https:\/\/enchereschampagne.com\/en\/?page_id=28386"},"modified":"2024-02-07T22:48:03","modified_gmt":"2024-02-07T22:48:03","slug":"blog","status":"publish","type":"page","link":"https:\/\/enchereschampagne.com\/en\/blog\/","title":{"rendered":"Blog"},"content":{"rendered":"<div class=\"wpb-content-wrapper\">[vc_row][vc_column][vc_column_text]\n\t<div id=\"wpbaw-blog-1\" class=\"blogfree-plugin blog-clearfix \">\n\t\n\t\t\t\t<div id=\"post-28439\" class=\"blog type-blog blog-clearfix wpbaw-blog-class blog-col-0 has-date has-thumb\">\n\t\t\t<div class=\"blog-inner-wrap-view blog-clearfix\">\n\t\t\t\t\t\t\t\t\t<div class=\"blog-thumb\">\n\t\t\t\t\t\t<div class=\"grid-blog-thumb\">\n\t\t\t\t\t\t\t<a href=\"https:\/\/enchereschampagne.com\/en\/blog-post\/la-fascinante-histoire-derriere-la-premiere-edition-du-faucon-maltais-1930\/\"><img loading=\"lazy\" decoding=\"async\" class=\"wpbaw-blog-img\" src=\"https:\/\/enchereschampagne.com\/wp-content\/uploads\/2024\/03\/ce1dea07-94b9-4e7c-b2c5-83731d55fa53.jpg\" alt=\"La Fascinante Histoire Derri\u00e8re la Premi\u00e8re \u00c9dition du &#8220;Faucon Maltais&#8221; (1930)\"\/><\/a>\n\t\t\t\t\t\t<\/div>\n\t\t\t\t\t<\/div>\n\t\t\t\t\n\t\t\t\t<div class=\"blog-content\">\n\t\t\t\t\t\t\t\t\t\t\t\t<div class=\"blog-author\">\n\t\t\t\t\t\t\t\t\t\t\t\t\t\t\t\t\t<span>\n\t\t\t\t\t\t\t\t\t\tBy <a href=\"https:\/\/enchereschampagne.com\/en\/author\/admin\/\" target=\"_self\">admin<\/a>\n\t\t\t\t\t\t\t\t\t<\/span>\n\t\t\t\t\t\t\t\t \/ March 12, 2024\t\t\t\t\t\t\t<\/div>\n\t\t\t\t\t\t\n\t\t\t\t\t<div class=\"post-content-text\">\n\t\t\t\t\t\t\t\t\t\t\t\t<h3 class=\"blog-title\"><a href=\"https:\/\/enchereschampagne.com\/en\/blog-post\/la-fascinante-histoire-derriere-la-premiere-edition-du-faucon-maltais-1930\/\" rel=\"bookmark\">La Fascinante Histoire Derri\u00e8re la Premi\u00e8re \u00c9dition du &#8220;Faucon Maltais&#8221; (1930)<\/a><\/h3>\n\t\t\t\t\t\t\t\t\t\t\t\t<div class=\"blog-content-excerpt\">\n\t\t\t\t\t\t\t\t\t\t\t\t\t\t\t<p class=\"blog-short-content\">(english follow) Link - lien : The Maltese Falcon, 1\u00e8re \u00e9dition, 1\u00e8re impression (1930) Dans le royaume des mots imprim\u00e9s,...<\/p>\n\t\t\t\t\t\t\t\t<a href=\"https:\/\/enchereschampagne.com\/en\/blog-post\/la-fascinante-histoire-derriere-la-premiere-edition-du-faucon-maltais-1930\/\" class=\"blog-more-link\"> Read More<\/a>\n\t\t\t\t\t\t\t\t\t\t\t\t\t<\/div>\n\t\t\t\t\t\t\t\t\t\t\t<\/div>\n\t\t\t\t<\/div>\n\t\t\t<\/div>\n\t\t<\/div>\n\t\t\t\t<div id=\"post-28437\" class=\"blog type-blog blog-clearfix wpbaw-blog-class blog-col-0 has-date has-thumb\">\n\t\t\t<div class=\"blog-inner-wrap-view blog-clearfix\">\n\t\t\t\t\t\t\t\t\t<div class=\"blog-thumb\">\n\t\t\t\t\t\t<div class=\"grid-blog-thumb\">\n\t\t\t\t\t\t\t<a href=\"https:\/\/enchereschampagne.com\/en\/blog-post\/vente-record-chez-notre-maison-dencheres-un-sac-hermes-kelly-de-1994-atteint-14-000\/\"><img loading=\"lazy\" decoding=\"async\" class=\"wpbaw-blog-img\" src=\"https:\/\/enchereschampagne.com\/wp-content\/uploads\/2024\/03\/9288efc3-098f-40dd-891d-69e89dc8125c.jpg\" alt=\"Vente Record : Un Sac Herm\u00e8s Kelly de 1994 atteint 14 000$\"\/><\/a>\n\t\t\t\t\t\t<\/div>\n\t\t\t\t\t<\/div>\n\t\t\t\t\n\t\t\t\t<div class=\"blog-content\">\n\t\t\t\t\t\t\t\t\t\t\t\t<div class=\"blog-author\">\n\t\t\t\t\t\t\t\t\t\t\t\t\t\t\t\t\t<span>\n\t\t\t\t\t\t\t\t\t\tBy <a href=\"https:\/\/enchereschampagne.com\/en\/author\/admin\/\" target=\"_self\">admin<\/a>\n\t\t\t\t\t\t\t\t\t<\/span>\n\t\t\t\t\t\t\t\t \/ March 12, 2024\t\t\t\t\t\t\t<\/div>\n\t\t\t\t\t\t\n\t\t\t\t\t<div class=\"post-content-text\">\n\t\t\t\t\t\t\t\t\t\t\t\t<h3 class=\"blog-title\"><a href=\"https:\/\/enchereschampagne.com\/en\/blog-post\/vente-record-chez-notre-maison-dencheres-un-sac-hermes-kelly-de-1994-atteint-14-000\/\" rel=\"bookmark\">Vente Record : Un Sac Herm\u00e8s Kelly de 1994 atteint 14 000$<\/a><\/h3>\n\t\t\t\t\t\t\t\t\t\t\t\t<div class=\"blog-content-excerpt\">\n\t\t\t\t\t\t\t\t\t\t\t\t\t\t\t<p class=\"blog-short-content\">(english follow) Link - lien : Sac Herm\u00e8s Kelly 32 vert fonc\u00e9 - 1994 Dans le monde glamour de la...<\/p>\n\t\t\t\t\t\t\t\t<a href=\"https:\/\/enchereschampagne.com\/en\/blog-post\/vente-record-chez-notre-maison-dencheres-un-sac-hermes-kelly-de-1994-atteint-14-000\/\" class=\"blog-more-link\"> Read More<\/a>\n\t\t\t\t\t\t\t\t\t\t\t\t\t<\/div>\n\t\t\t\t\t\t\t\t\t\t\t<\/div>\n\t\t\t\t<\/div>\n\t\t\t<\/div>\n\t\t<\/div>\n\t\t\t\t<div id=\"post-28435\" class=\"blog type-blog blog-clearfix wpbaw-blog-class blog-col-0 has-date has-thumb\">\n\t\t\t<div class=\"blog-inner-wrap-view blog-clearfix\">\n\t\t\t\t\t\t\t\t\t<div class=\"blog-thumb\">\n\t\t\t\t\t\t<div class=\"grid-blog-thumb\">\n\t\t\t\t\t\t\t<a href=\"https:\/\/enchereschampagne.com\/en\/blog-post\/la-saga-du-tableau-oublie-decouverte-artistique-expertise-eclairee-et-fortune-inattendue\/\"><img loading=\"lazy\" decoding=\"async\" class=\"wpbaw-blog-img\" src=\"https:\/\/enchereschampagne.com\/wp-content\/uploads\/2024\/02\/1be87b69-43ff-4fa8-a4f2-630e143058aa.jpg\" alt=\"La Saga du Tableau Oubli\u00e9 : D\u00e9couverte Artistique, Expertise \u00c9clair\u00e9e et Fortune Inattendue\"\/><\/a>\n\t\t\t\t\t\t<\/div>\n\t\t\t\t\t<\/div>\n\t\t\t\t\n\t\t\t\t<div class=\"blog-content\">\n\t\t\t\t\t\t\t\t\t\t\t\t<div class=\"blog-author\">\n\t\t\t\t\t\t\t\t\t\t\t\t\t\t\t\t\t<span>\n\t\t\t\t\t\t\t\t\t\tBy <a href=\"https:\/\/enchereschampagne.com\/en\/author\/admin\/\" target=\"_self\">admin<\/a>\n\t\t\t\t\t\t\t\t\t<\/span>\n\t\t\t\t\t\t\t\t \/ February 26, 2024\t\t\t\t\t\t\t<\/div>\n\t\t\t\t\t\t\n\t\t\t\t\t<div class=\"post-content-text\">\n\t\t\t\t\t\t\t\t\t\t\t\t<h3 class=\"blog-title\"><a href=\"https:\/\/enchereschampagne.com\/en\/blog-post\/la-saga-du-tableau-oublie-decouverte-artistique-expertise-eclairee-et-fortune-inattendue\/\" rel=\"bookmark\">La Saga du Tableau Oubli\u00e9 : D\u00e9couverte Artistique, Expertise \u00c9clair\u00e9e et Fortune Inattendue<\/a><\/h3>\n\t\t\t\t\t\t\t\t\t\t\t\t<div class=\"blog-content-excerpt\">\n\t\t\t\t\t\t\t\t\t\t\t\t\t\t\t<p class=\"blog-short-content\">(english follow) Link - lien : RAZA, SYED HAIDER - VILLAGE - 1958 Dans le captivant univers de l'art, une...<\/p>\n\t\t\t\t\t\t\t\t<a href=\"https:\/\/enchereschampagne.com\/en\/blog-post\/la-saga-du-tableau-oublie-decouverte-artistique-expertise-eclairee-et-fortune-inattendue\/\" class=\"blog-more-link\"> Read More<\/a>\n\t\t\t\t\t\t\t\t\t\t\t\t\t<\/div>\n\t\t\t\t\t\t\t\t\t\t\t<\/div>\n\t\t\t\t<\/div>\n\t\t\t<\/div>\n\t\t<\/div>\n\t\t\t\t<div id=\"post-28431\" class=\"blog type-blog blog-clearfix wpbaw-blog-class blog-col-0 has-date has-thumb\">\n\t\t\t<div class=\"blog-inner-wrap-view blog-clearfix\">\n\t\t\t\t\t\t\t\t\t<div class=\"blog-thumb\">\n\t\t\t\t\t\t<div class=\"grid-blog-thumb\">\n\t\t\t\t\t\t\t<a href=\"https:\/\/enchereschampagne.com\/en\/blog-post\/decouverte-dune-piece-rare-lors-dune-vente-aux-encheres-lhistoire-fascinante-de-la-monnaie-montre-de-la-monnaie-royale-du-canada-2000-rare-variete-p\/\"><img loading=\"lazy\" decoding=\"async\" class=\"wpbaw-blog-img\" src=\"https:\/\/enchereschampagne.com\/wp-content\/uploads\/2024\/02\/abd0f321-6560-4054-bdd7-273f4f0fadae.jpg\" alt=\"D\u00e9couverte d&#8217;une pi\u00e8ce rare lors d&#8217;une vente aux ench\u00e8res : l&#8217;histoire fascinante de la Monnaie-Montre de la Monnaie Royale du Canada (2000) Rare Vari\u00e9t\u00e9 &#8220;P&#8221;\"\/><\/a>\n\t\t\t\t\t\t<\/div>\n\t\t\t\t\t<\/div>\n\t\t\t\t\n\t\t\t\t<div class=\"blog-content\">\n\t\t\t\t\t\t\t\t\t\t\t\t<div class=\"blog-author\">\n\t\t\t\t\t\t\t\t\t\t\t\t\t\t\t\t\t<span>\n\t\t\t\t\t\t\t\t\t\tBy <a href=\"https:\/\/enchereschampagne.com\/en\/author\/admin\/\" target=\"_self\">admin<\/a>\n\t\t\t\t\t\t\t\t\t<\/span>\n\t\t\t\t\t\t\t\t \/ February 26, 2024\t\t\t\t\t\t\t<\/div>\n\t\t\t\t\t\t\n\t\t\t\t\t<div class=\"post-content-text\">\n\t\t\t\t\t\t\t\t\t\t\t\t<h3 class=\"blog-title\"><a href=\"https:\/\/enchereschampagne.com\/en\/blog-post\/decouverte-dune-piece-rare-lors-dune-vente-aux-encheres-lhistoire-fascinante-de-la-monnaie-montre-de-la-monnaie-royale-du-canada-2000-rare-variete-p\/\" rel=\"bookmark\">D\u00e9couverte d&#8217;une pi\u00e8ce rare lors d&#8217;une vente aux ench\u00e8res : l&#8217;histoire fascinante de la Monnaie-Montre de la Monnaie Royale du Canada (2000) Rare Vari\u00e9t\u00e9 &#8220;P&#8221;<\/a><\/h3>\n\t\t\t\t\t\t\t\t\t\t\t\t<div class=\"blog-content-excerpt\">\n\t\t\t\t\t\t\t\t\t\t\t\t\t\t\t<p class=\"blog-short-content\">(english follow) Link - lien : CURRENCY-WATCH FROM THE ROYAL CANADIAN MINT - 2000 - RARE \"P\" VARIETY Lors d'une...<\/p>\n\t\t\t\t\t\t\t\t<a href=\"https:\/\/enchereschampagne.com\/en\/blog-post\/decouverte-dune-piece-rare-lors-dune-vente-aux-encheres-lhistoire-fascinante-de-la-monnaie-montre-de-la-monnaie-royale-du-canada-2000-rare-variete-p\/\" class=\"blog-more-link\"> Read More<\/a>\n\t\t\t\t\t\t\t\t\t\t\t\t\t<\/div>\n\t\t\t\t\t\t\t\t\t\t\t<\/div>\n\t\t\t\t<\/div>\n\t\t\t<\/div>\n\t\t<\/div>\n\t\t\t\t<div id=\"post-28402\" class=\"blog type-blog blog-clearfix wpbaw-blog-class blog-col-0 has-date has-thumb\">\n\t\t\t<div class=\"blog-inner-wrap-view blog-clearfix\">\n\t\t\t\t\t\t\t\t\t<div class=\"blog-thumb\">\n\t\t\t\t\t\t<div class=\"grid-blog-thumb\">\n\t\t\t\t\t\t\t<a href=\"https:\/\/enchereschampagne.com\/en\/blog-post\/la-bataille-de-lauthenticite-david-contre-goliath-dans-le-monde-de-lart-inspiree-par-la-decouverte-de-la-gourde-en-majolique-durbino\/\"><img loading=\"lazy\" decoding=\"async\" class=\"wpbaw-blog-img\" src=\"https:\/\/enchereschampagne.com\/wp-content\/uploads\/2024\/02\/82e43295-aa66-4748-af5b-8a93447c9029.jpg\" alt=\"La Bataille de l&#8217;Authenticit\u00e9 : David contre Goliath dans le Monde de l&#8217;Art, Inspir\u00e9e par la D\u00e9couverte de la Gourde en Majolique d&#8217;Urbino\"\/><\/a>\n\t\t\t\t\t\t<\/div>\n\t\t\t\t\t<\/div>\n\t\t\t\t\n\t\t\t\t<div class=\"blog-content\">\n\t\t\t\t\t\t\t\t\t\t\t\t<div class=\"blog-author\">\n\t\t\t\t\t\t\t\t\t\t\t\t\t\t\t\t\t<span>\n\t\t\t\t\t\t\t\t\t\tBy <a href=\"https:\/\/enchereschampagne.com\/en\/author\/admin\/\" target=\"_self\">admin<\/a>\n\t\t\t\t\t\t\t\t\t<\/span>\n\t\t\t\t\t\t\t\t \/ February 9, 2024\t\t\t\t\t\t\t<\/div>\n\t\t\t\t\t\t\n\t\t\t\t\t<div class=\"post-content-text\">\n\t\t\t\t\t\t\t\t\t\t\t\t<h3 class=\"blog-title\"><a href=\"https:\/\/enchereschampagne.com\/en\/blog-post\/la-bataille-de-lauthenticite-david-contre-goliath-dans-le-monde-de-lart-inspiree-par-la-decouverte-de-la-gourde-en-majolique-durbino\/\" rel=\"bookmark\">La Bataille de l&#8217;Authenticit\u00e9 : David contre Goliath dans le Monde de l&#8217;Art, Inspir\u00e9e par la D\u00e9couverte de la Gourde en Majolique d&#8217;Urbino<\/a><\/h3>\n\t\t\t\t\t\t\t\t\t\t\t\t<div class=\"blog-content-excerpt\">\n\t\t\t\t\t\t\t\t\t\t\t\t\t\t\t<p class=\"blog-short-content\">(english follow) Link - lien : Fontana, Orazio - Urbino majolica historiated pilgrim Dans le monde de la vente aux...<\/p>\n\t\t\t\t\t\t\t\t<a href=\"https:\/\/enchereschampagne.com\/en\/blog-post\/la-bataille-de-lauthenticite-david-contre-goliath-dans-le-monde-de-lart-inspiree-par-la-decouverte-de-la-gourde-en-majolique-durbino\/\" class=\"blog-more-link\"> Read More<\/a>\n\t\t\t\t\t\t\t\t\t\t\t\t\t<\/div>\n\t\t\t\t\t\t\t\t\t\t\t<\/div>\n\t\t\t\t<\/div>\n\t\t\t<\/div>\n\t\t<\/div>\n\t\t\t\t<div id=\"post-28399\" class=\"blog type-blog blog-clearfix wpbaw-blog-class blog-col-0 has-date has-thumb\">\n\t\t\t<div class=\"blog-inner-wrap-view blog-clearfix\">\n\t\t\t\t\t\t\t\t\t<div class=\"blog-thumb\">\n\t\t\t\t\t\t<div class=\"grid-blog-thumb\">\n\t\t\t\t\t\t\t<a href=\"https:\/\/enchereschampagne.com\/en\/blog-post\/titre-la-rolex-submariner-ref-5512-vendue-aux-encheres-un-joyau-horloger-historique-trouve-un-nouveau-proprietaire-pour-60-000\/\"><img loading=\"lazy\" decoding=\"async\" class=\"wpbaw-blog-img\" src=\"https:\/\/enchereschampagne.com\/wp-content\/uploads\/2024\/02\/8dcb3a3e-1853-44b5-a1f7-5c2a86e06e1e.jpg\" alt=\"La Rolex Submariner de 1959 vendue aux ench\u00e8res : Un joyau horloger historique trouve un nouveau propri\u00e9taire pour 60 000 $\"\/><\/a>\n\t\t\t\t\t\t<\/div>\n\t\t\t\t\t<\/div>\n\t\t\t\t\n\t\t\t\t<div class=\"blog-content\">\n\t\t\t\t\t\t\t\t\t\t\t\t<div class=\"blog-author\">\n\t\t\t\t\t\t\t\t\t\t\t\t\t\t\t\t\t<span>\n\t\t\t\t\t\t\t\t\t\tBy <a href=\"https:\/\/enchereschampagne.com\/en\/author\/admin\/\" target=\"_self\">admin<\/a>\n\t\t\t\t\t\t\t\t\t<\/span>\n\t\t\t\t\t\t\t\t \/ February 9, 2024\t\t\t\t\t\t\t<\/div>\n\t\t\t\t\t\t\n\t\t\t\t\t<div class=\"post-content-text\">\n\t\t\t\t\t\t\t\t\t\t\t\t<h3 class=\"blog-title\"><a href=\"https:\/\/enchereschampagne.com\/en\/blog-post\/titre-la-rolex-submariner-ref-5512-vendue-aux-encheres-un-joyau-horloger-historique-trouve-un-nouveau-proprietaire-pour-60-000\/\" rel=\"bookmark\">La Rolex Submariner de 1959 vendue aux ench\u00e8res : Un joyau horloger historique trouve un nouveau propri\u00e9taire pour 60 000 $<\/a><\/h3>\n\t\t\t\t\t\t\t\t\t\t\t\t<div class=\"blog-content-excerpt\">\n\t\t\t\t\t\t\t\t\t\t\t\t\t\t\t<p class=\"blog-short-content\">(English follow) Link - lien : Vintage 1959 Rolex Submariner Dans le monde de l'horlogerie, certaines pi\u00e8ces ne sont pas...<\/p>\n\t\t\t\t\t\t\t\t<a href=\"https:\/\/enchereschampagne.com\/en\/blog-post\/titre-la-rolex-submariner-ref-5512-vendue-aux-encheres-un-joyau-horloger-historique-trouve-un-nouveau-proprietaire-pour-60-000\/\" class=\"blog-more-link\"> Read More<\/a>\n\t\t\t\t\t\t\t\t\t\t\t\t\t<\/div>\n\t\t\t\t\t\t\t\t\t\t\t<\/div>\n\t\t\t\t<\/div>\n\t\t\t<\/div>\n\t\t<\/div>\n\t\t\t\t<div id=\"post-28397\" class=\"blog type-blog blog-clearfix wpbaw-blog-class blog-col-0 has-date has-thumb\">\n\t\t\t<div class=\"blog-inner-wrap-view blog-clearfix\">\n\t\t\t\t\t\t\t\t\t<div class=\"blog-thumb\">\n\t\t\t\t\t\t<div class=\"grid-blog-thumb\">\n\t\t\t\t\t\t\t<a href=\"https:\/\/enchereschampagne.com\/en\/blog-post\/une-carte-vintage-exceptionnelle-la-1933-world-wide-gum-lou-gehrig-vendue-pour-5500-aux-encheres\/\"><img loading=\"lazy\" decoding=\"async\" class=\"wpbaw-blog-img\" src=\"https:\/\/enchereschampagne.com\/wp-content\/uploads\/2024\/02\/13cb0c3b-291f-47a6-b3ef-4d8e8874df05.jpg\" alt=\"Une Carte Vintage Exceptionnelle : La 1933 World Wide Gum Lou Gehrig Vendue pour 5500$ aux Ench\u00e8res\"\/><\/a>\n\t\t\t\t\t\t<\/div>\n\t\t\t\t\t<\/div>\n\t\t\t\t\n\t\t\t\t<div class=\"blog-content\">\n\t\t\t\t\t\t\t\t\t\t\t\t<div class=\"blog-author\">\n\t\t\t\t\t\t\t\t\t\t\t\t\t\t\t\t\t<span>\n\t\t\t\t\t\t\t\t\t\tBy <a href=\"https:\/\/enchereschampagne.com\/en\/author\/admin\/\" target=\"_self\">admin<\/a>\n\t\t\t\t\t\t\t\t\t<\/span>\n\t\t\t\t\t\t\t\t \/ February 9, 2024\t\t\t\t\t\t\t<\/div>\n\t\t\t\t\t\t\n\t\t\t\t\t<div class=\"post-content-text\">\n\t\t\t\t\t\t\t\t\t\t\t\t<h3 class=\"blog-title\"><a href=\"https:\/\/enchereschampagne.com\/en\/blog-post\/une-carte-vintage-exceptionnelle-la-1933-world-wide-gum-lou-gehrig-vendue-pour-5500-aux-encheres\/\" rel=\"bookmark\">Une Carte Vintage Exceptionnelle : La 1933 World Wide Gum Lou Gehrig Vendue pour 5500$ aux Ench\u00e8res<\/a><\/h3>\n\t\t\t\t\t\t\t\t\t\t\t\t<div class=\"blog-content-excerpt\">\n\t\t\t\t\t\t\t\t\t\t\t\t\t\t\t<p class=\"blog-short-content\">(English follow) Link - lien : 1933 WORLD WIDE GUM LOU GEHRIG Les passionn\u00e9s de cartes de baseball vintage ont...<\/p>\n\t\t\t\t\t\t\t\t<a href=\"https:\/\/enchereschampagne.com\/en\/blog-post\/une-carte-vintage-exceptionnelle-la-1933-world-wide-gum-lou-gehrig-vendue-pour-5500-aux-encheres\/\" class=\"blog-more-link\"> Read More<\/a>\n\t\t\t\t\t\t\t\t\t\t\t\t\t<\/div>\n\t\t\t\t\t\t\t\t\t\t\t<\/div>\n\t\t\t\t<\/div>\n\t\t\t<\/div>\n\t\t<\/div>\n\t\t\t<\/div>\n\t\n\t[\/vc_column_text][\/vc_column][\/vc_row]\n<\/div>","protected":false},"excerpt":{"rendered":"<p>[vc_row][vc_column][vc_column_text][\/vc_column_text][\/vc_column][\/vc_row]<\/p>\n","protected":false},"author":1,"featured_media":0,"parent":0,"menu_order":0,"comment_status":"closed","ping_status":"closed","template":"","meta":{"_acf_changed":false,"footnotes":""},"class_list":["post-28386","page","type-page","status-publish","hentry"],"acf":[],"yoast_head":"<!-- This site is optimized with the Yoast SEO plugin v27.2 - https:\/\/yoast.com\/product\/yoast-seo-wordpress\/ -->\n<title>Blog<\/title>\n<meta name=\"description\" content=\"Specialised in fine art and collector\u2019s artefacts. From stamps to watches, antiques to fine wines\" \/>\n<meta name=\"robots\" content=\"index, follow, max-snippet:-1, max-image-preview:large, max-video-preview:-1\" \/>\n<link rel=\"canonical\" href=\"https:\/\/enchereschampagne.com\/en\/blog\/\" \/>\n<meta property=\"og:locale\" content=\"en_US\" \/>\n<meta property=\"og:locale:alternate\" content=\"fr_FR\" \/>\n<meta property=\"og:type\" content=\"article\" \/>\n<meta property=\"og:title\" content=\"Blog\" \/>\n<meta property=\"og:description\" content=\"Specialised in fine art and collector\u2019s artefacts. From stamps to watches, antiques to fine wines\" \/>\n<meta property=\"og:url\" content=\"https:\/\/enchereschampagne.com\/en\/blog-post\/une-carte-vintage-exceptionnelle-la-1933-world-wide-gum-lou-gehrig-vendue-pour-5500-aux-encheres\/\" \/>\n<meta property=\"og:site_name\" content=\"Ench\u00e8res Champagne Auctions\" \/>\n<meta property=\"article:publisher\" content=\"http:\/\/www.facebook.com\/champagneauctions\" \/>\n<meta property=\"article:modified_time\" content=\"2024-02-07T22:48:03+00:00\" \/>\n<meta name=\"twitter:card\" content=\"summary_large_image\" \/>\n<meta name=\"twitter:label1\" content=\"Est. reading time\" \/>\n\t<meta name=\"twitter:data1\" content=\"1 minute\" \/>\n<script type=\"application\/ld+json\" class=\"yoast-schema-graph\">{\"@context\":\"https:\/\/schema.org\",\"@graph\":[{\"@type\":\"WebPage\",\"@id\":\"https:\/\/enchereschampagne.com\/blog\/\",\"url\":\"https:\/\/enchereschampagne.com\/blog\/\",\"name\":\"Blog\",\"isPartOf\":{\"@id\":\"https:\/\/enchereschampagne.com\/#website\"},\"datePublished\":\"2024-02-07T22:26:11+00:00\",\"dateModified\":\"2024-02-07T22:48:03+00:00\",\"description\":\"Specialised in fine art and collector\u2019s artefacts. From stamps to watches, antiques to fine wines\",\"breadcrumb\":{\"@id\":\"https:\/\/enchereschampagne.com\/blog\/#breadcrumb\"},\"inLanguage\":\"en-US\",\"potentialAction\":[{\"@type\":\"ReadAction\",\"target\":[\"https:\/\/enchereschampagne.com\/blog\/\"]}]},{\"@type\":\"BreadcrumbList\",\"@id\":\"https:\/\/enchereschampagne.com\/blog\/#breadcrumb\",\"itemListElement\":[{\"@type\":\"ListItem\",\"position\":1,\"name\":\"Home\",\"item\":\"https:\/\/enchereschampagne.com\/\"},{\"@type\":\"ListItem\",\"position\":2,\"name\":\"Blogue\"}]},{\"@type\":\"WebSite\",\"@id\":\"https:\/\/enchereschampagne.com\/#website\",\"url\":\"https:\/\/enchereschampagne.com\/\",\"name\":\"Ench\u00e8res Champagne Auctions\",\"description\":\"\",\"publisher\":{\"@id\":\"https:\/\/enchereschampagne.com\/#organization\"},\"potentialAction\":[{\"@type\":\"SearchAction\",\"target\":{\"@type\":\"EntryPoint\",\"urlTemplate\":\"https:\/\/enchereschampagne.com\/?s={search_term_string}\"},\"query-input\":{\"@type\":\"PropertyValueSpecification\",\"valueRequired\":true,\"valueName\":\"search_term_string\"}}],\"inLanguage\":\"en-US\"},{\"@type\":\"Organization\",\"@id\":\"https:\/\/enchereschampagne.com\/#organization\",\"name\":\"Ench\u00e8res Champagne Auctions\",\"url\":\"https:\/\/enchereschampagne.com\/\",\"logo\":{\"@type\":\"ImageObject\",\"inLanguage\":\"en-US\",\"@id\":\"https:\/\/enchereschampagne.com\/#\/schema\/logo\/image\/\",\"url\":\"https:\/\/enchereschampagne.com\/wp-content\/uploads\/2019\/01\/logo_enchereChampagne.png\",\"contentUrl\":\"https:\/\/enchereschampagne.com\/wp-content\/uploads\/2019\/01\/logo_enchereChampagne.png\",\"width\":192,\"height\":65,\"caption\":\"Ench\u00e8res Champagne Auctions\"},\"image\":{\"@id\":\"https:\/\/enchereschampagne.com\/#\/schema\/logo\/image\/\"},\"sameAs\":[\"http:\/\/www.facebook.com\/champagneauctions\",\"https:\/\/www.instagram.com\/champagneauctions\"]}]}<\/script>\n<!-- \/ Yoast SEO plugin. -->","yoast_head_json":{"title":"Blog","description":"Specialised in fine art and collector\u2019s artefacts. From stamps to watches, antiques to fine wines","robots":{"index":"index","follow":"follow","max-snippet":"max-snippet:-1","max-image-preview":"max-image-preview:large","max-video-preview":"max-video-preview:-1"},"canonical":"https:\/\/enchereschampagne.com\/en\/blog\/","og_locale":"en_US","og_type":"article","og_title":"[:fr]Blogue[:en]Blog[:] - Ench\u00e8res Champagne Auctions","og_description":"Specialised in fine art and collector\u2019s artefacts. From stamps to watches, antiques to fine wines","og_url":"https:\/\/enchereschampagne.com\/en\/blog-post\/une-carte-vintage-exceptionnelle-la-1933-world-wide-gum-lou-gehrig-vendue-pour-5500-aux-encheres\/","og_site_name":"Ench\u00e8res Champagne Auctions","article_publisher":"http:\/\/www.facebook.com\/champagneauctions","article_modified_time":"2024-02-07T22:48:03+00:00","twitter_card":"summary_large_image","twitter_misc":{"Est. reading time":"1 minute"},"schema":{"@context":"https:\/\/schema.org","@graph":[{"@type":"WebPage","@id":"https:\/\/enchereschampagne.com\/blog\/","url":"https:\/\/enchereschampagne.com\/blog\/","name":"Blog","isPartOf":{"@id":"https:\/\/enchereschampagne.com\/#website"},"datePublished":"2024-02-07T22:26:11+00:00","dateModified":"2024-02-07T22:48:03+00:00","description":"Specialised in fine art and collector\u2019s artefacts. From stamps to watches, antiques to fine wines","breadcrumb":{"@id":"https:\/\/enchereschampagne.com\/blog\/#breadcrumb"},"inLanguage":"en-US","potentialAction":[{"@type":"ReadAction","target":["https:\/\/enchereschampagne.com\/blog\/"]}]},{"@type":"BreadcrumbList","@id":"https:\/\/enchereschampagne.com\/blog\/#breadcrumb","itemListElement":[{"@type":"ListItem","position":1,"name":"Home","item":"https:\/\/enchereschampagne.com\/"},{"@type":"ListItem","position":2,"name":"Blogue"}]},{"@type":"WebSite","@id":"https:\/\/enchereschampagne.com\/#website","url":"https:\/\/enchereschampagne.com\/","name":"Ench\u00e8res Champagne Auctions","description":"","publisher":{"@id":"https:\/\/enchereschampagne.com\/#organization"},"potentialAction":[{"@type":"SearchAction","target":{"@type":"EntryPoint","urlTemplate":"https:\/\/enchereschampagne.com\/?s={search_term_string}"},"query-input":{"@type":"PropertyValueSpecification","valueRequired":true,"valueName":"search_term_string"}}],"inLanguage":"en-US"},{"@type":"Organization","@id":"https:\/\/enchereschampagne.com\/#organization","name":"Ench\u00e8res Champagne Auctions","url":"https:\/\/enchereschampagne.com\/","logo":{"@type":"ImageObject","inLanguage":"en-US","@id":"https:\/\/enchereschampagne.com\/#\/schema\/logo\/image\/","url":"https:\/\/enchereschampagne.com\/wp-content\/uploads\/2019\/01\/logo_enchereChampagne.png","contentUrl":"https:\/\/enchereschampagne.com\/wp-content\/uploads\/2019\/01\/logo_enchereChampagne.png","width":192,"height":65,"caption":"Ench\u00e8res Champagne Auctions"},"image":{"@id":"https:\/\/enchereschampagne.com\/#\/schema\/logo\/image\/"},"sameAs":["http:\/\/www.facebook.com\/champagneauctions","https:\/\/www.instagram.com\/champagneauctions"]}]}},"_links":{"self":[{"href":"https:\/\/enchereschampagne.com\/en\/wp-json\/wp\/v2\/pages\/28386","targetHints":{"allow":["GET"]}}],"collection":[{"href":"https:\/\/enchereschampagne.com\/en\/wp-json\/wp\/v2\/pages"}],"about":[{"href":"https:\/\/enchereschampagne.com\/en\/wp-json\/wp\/v2\/types\/page"}],"author":[{"embeddable":true,"href":"https:\/\/enchereschampagne.com\/en\/wp-json\/wp\/v2\/users\/1"}],"replies":[{"embeddable":true,"href":"https:\/\/enchereschampagne.com\/en\/wp-json\/wp\/v2\/comments?post=28386"}],"version-history":[{"count":3,"href":"https:\/\/enchereschampagne.com\/en\/wp-json\/wp\/v2\/pages\/28386\/revisions"}],"predecessor-version":[{"id":28389,"href":"https:\/\/enchereschampagne.com\/en\/wp-json\/wp\/v2\/pages\/28386\/revisions\/28389"}],"wp:attachment":[{"href":"https:\/\/enchereschampagne.com\/en\/wp-json\/wp\/v2\/media?parent=28386"}],"curies":[{"name":"wp","href":"https:\/\/api.w.org\/{rel}","templated":true}]}}